{"id":9129,"date":"2023-03-21T21:13:38","date_gmt":"2023-03-21T21:13:38","guid":{"rendered":"http:\/\/bioplagas.srtv.cl\/?post_type=product&#038;p=9129"},"modified":"2023-03-21T21:14:25","modified_gmt":"2023-03-21T21:14:25","slug":"fumigacion-chinche-del-arce","status":"publish","type":"product","link":"https:\/\/limpiandoelnorte.cl\/index.php\/producto\/fumigacion-chinche-del-arce\/","title":{"rendered":"Fumigaci\u00f3n Chinche del Arce"},"content":{"rendered":"<p>La chinche de arce es un insecto com\u00fan que se encuentra en los \u00e1rboles de arce. Estas chinches pueden causar graves da\u00f1os a los \u00e1rboles, lo que resulta en la p\u00e9rdida de hojas, la deformaci\u00f3n de las ramas y la muerte de las partes del \u00e1rbol. La fumigaci\u00f3n de chinches de arce es una t\u00e9cnica utilizada para controlar la poblaci\u00f3n de estos insectos y prevenir los da\u00f1os que causan.<\/p>\n<p>La fumigaci\u00f3n es un proceso que implica la aplicaci\u00f3n de productos qu\u00edmicos para matar las chinches de arce. Los productos qu\u00edmicos son aplicados directamente en los \u00e1rboles utilizando un pulverizador. La fumigaci\u00f3n debe realizarse en momentos espec\u00edficos del a\u00f1o para maximizar su eficacia. Por lo general, se realiza en la primavera, cuando las chinches de arce comienzan a aparecer en los \u00e1rboles.<\/p>\n<p>Antes de realizar la fumigaci\u00f3n, es importante preparar el \u00e1rea adecuadamente. Esto incluye asegurarse de que las personas y los animales est\u00e9n alejados del \u00e1rea durante el proceso de fumigaci\u00f3n. Tambi\u00e9n es importante asegurarse de que el clima sea adecuado para la fumigaci\u00f3n, ya que el viento puede afectar la distribuci\u00f3n del producto qu\u00edmico. En general, la fumigaci\u00f3n de chinches de arce es una t\u00e9cnica efectiva para controlar la poblaci\u00f3n de estos insectos<\/p>\n<div id=\"divtags\">\n<h1>Fumigaci\u00f3n de chinches del arce<\/h1>\n<h1>Control de plagas en arces<\/h1>\n<h1>Chinches de arce<\/h1>\n<h1>Prevenci\u00f3n de chinches de arce<\/h1>\n<h1>Servicios de fumigaci\u00f3n para chinches de arce<\/h1>\n<h1>Tratamiento de chinches de arce<\/h1>\n<h1>Eliminaci\u00f3n de chinches de arce<\/h1>\n<h1>Plagas en arces<\/h1>\n<h1>Exterminio de chinches de arce<\/h1>\n<h1>Chinches en \u00e1rboles de arce<\/h1>\n<h1>Soluci\u00f3n para chinches del arce<\/h1>\n<h1>M\u00e9todos de fumigaci\u00f3n para chinches de arce<\/h1>\n<h1>Chinches en \u00e1rboles de hoja caduca<\/h1>\n<h1>Infestaci\u00f3n de chinches del arce<\/h1>\n<h1>Manejo de plagas en \u00e1rboles de arce<\/h1>\n<h1>C\u00f3mo combatir las chinches del arce<\/h1>\n<\/div>\n","protected":false},"excerpt":{"rendered":"<p>La chinche de arce es un insecto com\u00fan que se encuentra en los \u00e1rboles de arce. Estas chinches pueden causar graves da\u00f1os a los \u00e1rboles, lo que resulta en la p\u00e9rdida de hojas, la deformaci\u00f3n de las ramas y la muerte de las partes del \u00e1rbol. La fumigaci\u00f3n de chinches de arce es una t\u00e9cnica&#8230;<\/p>\n","protected":false},"featured_media":9131,"template":"","meta":[],"product_cat":[110],"product_tag":[],"class_list":["post-9129","product","type-product","status-publish","has-post-thumbnail","hentry","product_cat-control-de-vectores"],"acf":[],"_links":{"self":[{"href":"https:\/\/limpiandoelnorte.cl\/index.php\/wp-json\/wp\/v2\/product\/9129","targetHints":{"allow":["GET"]}}],"collection":[{"href":"https:\/\/limpiandoelnorte.cl\/index.php\/wp-json\/wp\/v2\/product"}],"about":[{"href":"https:\/\/limpiandoelnorte.cl\/index.php\/wp-json\/wp\/v2\/types\/product"}],"wp:featuredmedia":[{"embeddable":true,"href":"https:\/\/limpiandoelnorte.cl\/index.php\/wp-json\/wp\/v2\/media\/9131"}],"wp:attachment":[{"href":"https:\/\/limpiandoelnorte.cl\/index.php\/wp-json\/wp\/v2\/media?parent=9129"}],"wp:term":[{"taxonomy":"product_cat","embeddable":true,"href":"https:\/\/limpiandoelnorte.cl\/index.php\/wp-json\/wp\/v2\/product_cat?post=9129"},{"taxonomy":"product_tag","embeddable":true,"href":"https:\/\/limpiandoelnorte.cl\/index.php\/wp-json\/wp\/v2\/product_tag?post=9129"}],"curies":[{"name":"wp","href":"https:\/\/api.w.org\/{rel}","templated":true}]}}