{"id":9110,"date":"2023-03-21T20:07:12","date_gmt":"2023-03-21T20:07:12","guid":{"rendered":"http:\/\/bioplagas.srtv.cl\/?post_type=product&#038;p=9110"},"modified":"2023-03-21T20:11:51","modified_gmt":"2023-03-21T20:11:51","slug":"desratizacion-condominios","status":"publish","type":"product","link":"https:\/\/limpiandoelnorte.cl\/index.php\/producto\/desratizacion-condominios\/","title":{"rendered":"Desratizaci\u00f3n Condominios"},"content":{"rendered":"<p>La desratizaci\u00f3n en condominios es un tema de vital importancia para garantizar la salud y seguridad de los residentes. Los ratones y ratas son portadores de diversas enfermedades y pueden causar da\u00f1os a la propiedad, por lo que es fundamental mantenerlos alejados del lugar. Para lograrlo, es necesario contar con un plan de desratizaci\u00f3n adecuado, que incluya la identificaci\u00f3n de las zonas de riesgo, la colocaci\u00f3n de cebos y trampas, as\u00ed como la eliminaci\u00f3n de los posibles puntos de acceso de los roedores.<\/p>\n<p>Uno de los mayores desaf\u00edos en la desratizaci\u00f3n de condominios es la prevenci\u00f3n de la propagaci\u00f3n de los roedores. Los condominios suelen tener muchas \u00e1reas comunes, como patios, jardines, estacionamientos y s\u00f3tanos, que pueden ser lugares ideales para que los ratones y ratas se escondan y aniden. Por lo tanto, es importante mantener estas zonas limpias y libres de escombros y basura, ya que esto les quita a los roedores lugares para esconderse y disminuye su capacidad de supervivencia.<\/p>\n<p>Por \u00faltimo, para que la desratizaci\u00f3n en condominios sea efectiva, es fundamental contar con el apoyo y la colaboraci\u00f3n de todos los residentes. Esto incluye informar inmediatamente sobre la presencia de roedores en las \u00e1reas comunes, no dejar alimentos expuestos en la basura, no alimentar a los animales callejeros y mantener las \u00e1reas comunes limpias y libres de desechos. Si todos los residentes trabajan juntos, se puede lograr un condominio libre de ratas y ratones, lo que garantizar\u00e1 la seguridad y salud de todos.<\/p>\n<div id=\"divtags\">\n<h1>Desratizaci\u00f3n Condominios<\/h1>\n<h1>Control de plagas Condominios<\/h1>\n<h1>Exterminio de ratas Condominios<\/h1>\n<h1>Prevenci\u00f3n de plagas Condominios<\/h1>\n<h1>Servicios de desratizaci\u00f3n Condominios<\/h1>\n<h1>Eliminaci\u00f3n de ratas Condominios<\/h1>\n<h1>Control de roedores Condominios<\/h1>\n<h1>Infestaci\u00f3n de ratas Condominios<\/h1>\n<h1>Tratamiento contra ratas Condominios<\/h1>\n<h1>Desinfecci\u00f3n de espacios comunes<\/h1>\n<h1>Protecci\u00f3n contra roedores Condominios<\/h1>\n<h1>Servicios de exterminaci\u00f3n Condominios<\/h1>\n<h1>Tratamiento de \u00e1reas comunes<\/h1>\n<h1>Mantenimiento de edificios<\/h1>\n<h1>Limpieza y sanitizaci\u00f3n de \u00e1reas comunes<\/h1>\n<\/div>\n","protected":false},"excerpt":{"rendered":"<p>La desratizaci\u00f3n en condominios es un tema de vital importancia para garantizar la salud y seguridad de los residentes. Los ratones y ratas son portadores de diversas enfermedades y pueden causar da\u00f1os a la propiedad, por lo que es fundamental mantenerlos alejados del lugar. Para lograrlo, es necesario contar con un plan de desratizaci\u00f3n adecuado,&#8230;<\/p>\n","protected":false},"featured_media":9111,"template":"","meta":[],"product_cat":[109],"product_tag":[],"class_list":["post-9110","product","type-product","status-publish","has-post-thumbnail","hentry","product_cat-control-de-roedores"],"acf":[],"_links":{"self":[{"href":"https:\/\/limpiandoelnorte.cl\/index.php\/wp-json\/wp\/v2\/product\/9110","targetHints":{"allow":["GET"]}}],"collection":[{"href":"https:\/\/limpiandoelnorte.cl\/index.php\/wp-json\/wp\/v2\/product"}],"about":[{"href":"https:\/\/limpiandoelnorte.cl\/index.php\/wp-json\/wp\/v2\/types\/product"}],"wp:featuredmedia":[{"embeddable":true,"href":"https:\/\/limpiandoelnorte.cl\/index.php\/wp-json\/wp\/v2\/media\/9111"}],"wp:attachment":[{"href":"https:\/\/limpiandoelnorte.cl\/index.php\/wp-json\/wp\/v2\/media?parent=9110"}],"wp:term":[{"taxonomy":"product_cat","embeddable":true,"href":"https:\/\/limpiandoelnorte.cl\/index.php\/wp-json\/wp\/v2\/product_cat?post=9110"},{"taxonomy":"product_tag","embeddable":true,"href":"https:\/\/limpiandoelnorte.cl\/index.php\/wp-json\/wp\/v2\/product_tag?post=9110"}],"curies":[{"name":"wp","href":"https:\/\/api.w.org\/{rel}","templated":true}]}}