{"id":9027,"date":"2023-03-17T21:14:45","date_gmt":"2023-03-17T21:14:45","guid":{"rendered":"http:\/\/bioplagas.srtv.cl\/?post_type=product&#038;p=9027"},"modified":"2023-03-21T17:18:40","modified_gmt":"2023-03-21T17:18:40","slug":"intranet","status":"publish","type":"product","link":"https:\/\/limpiandoelnorte.cl\/index.php\/producto\/intranet\/","title":{"rendered":"Intranet"},"content":{"rendered":"<p>La intranet es una red de computadoras privada que utiliza tecnolog\u00eda de internet para compartir informaci\u00f3n, recursos y servicios dentro de una organizaci\u00f3n. En lugar de conectarse a internet, la intranet se mantiene interna y protegida por medidas de seguridad para garantizar la privacidad y confidencialidad de la informaci\u00f3n que se comparte en ella. Los empleados pueden acceder a la intranet desde sus dispositivos en el lugar de trabajo o desde cualquier otro lugar, siempre y cuando tengan una conexi\u00f3n a la red privada.<\/p>\n<p>Una de las principales ventajas de la intranet es la capacidad de compartir informaci\u00f3n y colaborar de manera eficiente entre departamentos y equipos en una organizaci\u00f3n. La intranet permite a los empleados acceder a informaci\u00f3n importante, como pol\u00edticas, manuales de capacitaci\u00f3n, informes y estad\u00edsticas en tiempo real. Adem\u00e1s, la intranet puede ser utilizada para publicar noticias y actualizaciones de la empresa, lo que facilita la comunicaci\u00f3n y mantiene a los empleados informados y comprometidos.<\/p>\n<p>Otra ventaja importante de la intranet es la capacidad de automatizar procesos empresariales. La intranet puede ser utilizada para realizar solicitudes de vacaciones, gestionar solicitudes de reembolso, reservar recursos compartidos, realizar seguimiento de proyectos y mucho m\u00e1s. Al automatizar estos procesos, se ahorra tiempo y se reduce la necesidad de recursos humanos, lo que puede ayudar a mejorar la eficiencia y reducir los costos operativos de la organizaci\u00f3n.<\/p>\n<table>\n<tbody>\n<tr>\n<td><img decoding=\"async\" src=\"\/wp-content\/uploads\/2023\/03\/Roedores.gif\" alt=\"\" \/><\/td>\n<td><img decoding=\"async\" src=\"\/wp-content\/uploads\/2023\/03\/luv.gif\" alt=\"\" \/><\/td>\n<\/tr>\n<\/tbody>\n<\/table>\n","protected":false},"excerpt":{"rendered":"<p>La intranet es una red de computadoras privada que utiliza tecnolog\u00eda de internet para compartir informaci\u00f3n, recursos y servicios dentro de una organizaci\u00f3n. En lugar de conectarse a internet, la intranet se mantiene interna y protegida por medidas de seguridad para garantizar la privacidad y confidencialidad de la informaci\u00f3n que se comparte en ella. Los&#8230;<\/p>\n","protected":false},"featured_media":9029,"template":"","meta":[],"product_cat":[106],"product_tag":[],"class_list":["post-9027","product","type-product","status-publish","has-post-thumbnail","hentry","product_cat-servicios"],"acf":[],"_links":{"self":[{"href":"https:\/\/limpiandoelnorte.cl\/index.php\/wp-json\/wp\/v2\/product\/9027","targetHints":{"allow":["GET"]}}],"collection":[{"href":"https:\/\/limpiandoelnorte.cl\/index.php\/wp-json\/wp\/v2\/product"}],"about":[{"href":"https:\/\/limpiandoelnorte.cl\/index.php\/wp-json\/wp\/v2\/types\/product"}],"wp:featuredmedia":[{"embeddable":true,"href":"https:\/\/limpiandoelnorte.cl\/index.php\/wp-json\/wp\/v2\/media\/9029"}],"wp:attachment":[{"href":"https:\/\/limpiandoelnorte.cl\/index.php\/wp-json\/wp\/v2\/media?parent=9027"}],"wp:term":[{"taxonomy":"product_cat","embeddable":true,"href":"https:\/\/limpiandoelnorte.cl\/index.php\/wp-json\/wp\/v2\/product_cat?post=9027"},{"taxonomy":"product_tag","embeddable":true,"href":"https:\/\/limpiandoelnorte.cl\/index.php\/wp-json\/wp\/v2\/product_tag?post=9027"}],"curies":[{"name":"wp","href":"https:\/\/api.w.org\/{rel}","templated":true}]}}