{"id":9020,"date":"2023-03-17T21:06:01","date_gmt":"2023-03-17T21:06:01","guid":{"rendered":"http:\/\/bioplagas.srtv.cl\/?post_type=product&#038;p=9020"},"modified":"2023-03-21T20:54:50","modified_gmt":"2023-03-21T20:54:50","slug":"desinsectacion","status":"publish","type":"product","link":"https:\/\/limpiandoelnorte.cl\/index.php\/producto\/desinsectacion\/","title":{"rendered":"Desinsectaci\u00f3n"},"content":{"rendered":"<p>Este procedimiento consiste en la aplicaci\u00f3n de distintos productos qu\u00edmicos para el control y prevenci\u00f3n de vectores\/plaga rastreros y voladores tales como; cucarachas, chinches, pulgas, garrapatas, moscas, tijeretas, etc. Los productos a utilizar tanto su dosificaci\u00f3n como su clasificaci\u00f3n, depender\u00e1 de la especie identificada, el lugar a aplicar, entre otros factores.<\/p>\n<p>La desinsectaci\u00f3n es un proceso esencial para mantener un ambiente libre de plagas e insectos que pueden afectar la salud de las personas y el bienestar de los espacios. Este proceso se realiza mediante la aplicaci\u00f3n de productos qu\u00edmicos especializados que eliminan y previenen la proliferaci\u00f3n de insectos en el \u00e1rea tratada.<\/p>\n<p>La desinsectaci\u00f3n se aplica en una variedad de entornos, desde hogares y edificios hasta espacios comerciales e industriales. Los expertos recomiendan realizar desinsectaciones preventivas peri\u00f3dicas para evitar que las plagas se instalen y se reproduzcan en el \u00e1rea. Adem\u00e1s, es importante llevar a cabo una inspecci\u00f3n previa antes de realizar el tratamiento para determinar el tipo de insecto presente y la gravedad de la infestaci\u00f3n.<\/p>\n<p>A pesar de que existen diversos m\u00e9todos caseros para combatir las plagas, la desinsectaci\u00f3n profesional sigue siendo la opci\u00f3n m\u00e1s efectiva y segura. Los expertos en desinsectaci\u00f3n cuentan con los conocimientos y herramientas necesarios para realizar el tratamiento de forma adecuada, minimizando el riesgo de da\u00f1os a la salud de las personas y el medio ambiente. Por lo tanto, si se detecta la presencia de plagas en cualquier espacio, lo recomendable es contactar a un experto en desinsectaci\u00f3n para evitar complicaciones y resolver el problema de forma eficiente.<\/p>\n<div id=\"divtags\">\n<h1>Desinsectaci\u00f3n<\/h1>\n<h1>Control de plagas<\/h1>\n<h1>Eliminaci\u00f3n de insectos<\/h1>\n<h1>Tratamiento de insectos<\/h1>\n<h1>Prevenci\u00f3n de insectos<\/h1>\n<h1>Insectos en el hogar<\/h1>\n<h1>Insectos en la industria<\/h1>\n<h1>Servicios de desinsectaci\u00f3n<\/h1>\n<h1>M\u00e9todos de desinsectaci\u00f3n<\/h1>\n<h1>Productos para desinsectaci\u00f3n<\/h1>\n<h1>Control de cucarachas<\/h1>\n<h1>Control de termitas<\/h1>\n<h1>Control de mosquitos<\/h1>\n<h1>Control de chinches<\/h1>\n<h1>Control de hormigas<\/h1>\n<h1>Control de \u00e1caros.<\/h1>\n<\/div>\n","protected":false},"excerpt":{"rendered":"<p>Este procedimiento consiste en la aplicaci\u00f3n de distintos productos qu\u00edmicos para el control y prevenci\u00f3n de vectores\/plaga rastreros y voladores tales como; cucarachas, chinches, pulgas, garrapatas, moscas, tijeretas, etc. Los productos a utilizar tanto su dosificaci\u00f3n como su clasificaci\u00f3n, depender\u00e1 de la especie identificada, el lugar a aplicar, entre otros factores. La desinsectaci\u00f3n es un&#8230;<\/p>\n","protected":false},"featured_media":9021,"template":"","meta":[],"product_cat":[110],"product_tag":[],"class_list":["post-9020","product","type-product","status-publish","has-post-thumbnail","hentry","product_cat-control-de-vectores"],"acf":[],"_links":{"self":[{"href":"https:\/\/limpiandoelnorte.cl\/index.php\/wp-json\/wp\/v2\/product\/9020","targetHints":{"allow":["GET"]}}],"collection":[{"href":"https:\/\/limpiandoelnorte.cl\/index.php\/wp-json\/wp\/v2\/product"}],"about":[{"href":"https:\/\/limpiandoelnorte.cl\/index.php\/wp-json\/wp\/v2\/types\/product"}],"wp:featuredmedia":[{"embeddable":true,"href":"https:\/\/limpiandoelnorte.cl\/index.php\/wp-json\/wp\/v2\/media\/9021"}],"wp:attachment":[{"href":"https:\/\/limpiandoelnorte.cl\/index.php\/wp-json\/wp\/v2\/media?parent=9020"}],"wp:term":[{"taxonomy":"product_cat","embeddable":true,"href":"https:\/\/limpiandoelnorte.cl\/index.php\/wp-json\/wp\/v2\/product_cat?post=9020"},{"taxonomy":"product_tag","embeddable":true,"href":"https:\/\/limpiandoelnorte.cl\/index.php\/wp-json\/wp\/v2\/product_tag?post=9020"}],"curies":[{"name":"wp","href":"https:\/\/api.w.org\/{rel}","templated":true}]}}